{"id":141,"date":"2023-10-20T04:56:34","date_gmt":"2023-10-20T04:56:34","guid":{"rendered":"https:\/\/formacioncontinua.une.edu.pe\/cfc\/?page_id=141"},"modified":"2023-11-22T16:40:32","modified_gmt":"2023-11-22T16:40:32","slug":"cursos","status":"publish","type":"page","link":"https:\/\/formacioncontinua.une.edu.pe\/cfc\/cursos\/","title":{"rendered":"Cursos"},"content":{"rendered":"\n\n\nnnnn\n\n\n<h2>Docentes<\/h2>\n\n\n\n\n\n\n\n\n\nCURSOS\n\n\n\nEL PARADIGMA DE LOS OR\u00cdGENES DE LA COMPLEJIZACI\u00d3N ANDINA:&nbsp;<div>LA CIVILIZACI\u00d3N CARAL<\/div><div><br><\/div>\n\n\nPERFECCIONAMIENTO Y CREATIVIDAD EN PATRONAJE INDUSTRIAL DIGITAL DE LA MODA &#8211; SOFTWARE AUDACES\n\n\nPlanificaci\u00f3n de experiencias de aprendizaje integradas para el desarrollo de competencias<div><br><\/div>\n\n\n\n\n","protected":false},"excerpt":{"rendered":"","protected":false},"author":1,"featured_media":0,"parent":0,"menu_order":0,"comment_status":"closed","ping_status":"closed","template":"","meta":{"pagelayer_contact_templates":[],"_pagelayer_content":"","footnotes":""},"class_list":["post-141","page","type-page","status-publish","hentry"],"_links":{"self":[{"href":"https:\/\/formacioncontinua.une.edu.pe\/cfc\/wp-json\/wp\/v2\/pages\/141","targetHints":{"allow":["GET"]}}],"collection":[{"href":"https:\/\/formacioncontinua.une.edu.pe\/cfc\/wp-json\/wp\/v2\/pages"}],"about":[{"href":"https:\/\/formacioncontinua.une.edu.pe\/cfc\/wp-json\/wp\/v2\/types\/page"}],"author":[{"embeddable":true,"href":"https:\/\/formacioncontinua.une.edu.pe\/cfc\/wp-json\/wp\/v2\/users\/1"}],"replies":[{"embeddable":true,"href":"https:\/\/formacioncontinua.une.edu.pe\/cfc\/wp-json\/wp\/v2\/comments?post=141"}],"version-history":[{"count":10,"href":"https:\/\/formacioncontinua.une.edu.pe\/cfc\/wp-json\/wp\/v2\/pages\/141\/revisions"}],"predecessor-version":[{"id":171,"href":"https:\/\/formacioncontinua.une.edu.pe\/cfc\/wp-json\/wp\/v2\/pages\/141\/revisions\/171"}],"wp:attachment":[{"href":"https:\/\/formacioncontinua.une.edu.pe\/cfc\/wp-json\/wp\/v2\/media?parent=141"}],"curies":[{"name":"wp","href":"https:\/\/api.w.org\/{rel}","templated":true}]}}